{"id":7,"date":"2026-01-06T11:23:42","date_gmt":"2026-01-06T11:23:42","guid":{"rendered":"https:\/\/mariusmarin.se\/?page_id=7"},"modified":"2026-01-06T15:36:53","modified_gmt":"2026-01-06T15:36:53","slug":"flexiteek","status":"publish","type":"page","link":"https:\/\/mariusmarin.se\/?page_id=7","title":{"rendered":"Flexiteek"},"content":{"rendered":"<div class=\"wp-block-image\">\n<figure class=\"aligncenter size-large\"><img fetchpriority=\"high\" decoding=\"async\" width=\"1024\" height=\"222\" src=\"https:\/\/mariusmarin.se\/wp-content\/uploads\/2026\/01\/New-Flexiteek-Logo-Positive-CMYK_page-0001-1024x222.webp\" alt=\"\" class=\"wp-image-9\" srcset=\"https:\/\/mariusmarin.se\/wp-content\/uploads\/2026\/01\/New-Flexiteek-Logo-Positive-CMYK_page-0001-1024x222.webp 1024w, https:\/\/mariusmarin.se\/wp-content\/uploads\/2026\/01\/New-Flexiteek-Logo-Positive-CMYK_page-0001-300x65.webp 300w, https:\/\/mariusmarin.se\/wp-content\/uploads\/2026\/01\/New-Flexiteek-Logo-Positive-CMYK_page-0001-768x167.webp 768w, https:\/\/mariusmarin.se\/wp-content\/uploads\/2026\/01\/New-Flexiteek-Logo-Positive-CMYK_page-0001-1536x334.webp 1536w, https:\/\/mariusmarin.se\/wp-content\/uploads\/2026\/01\/New-Flexiteek-Logo-Positive-CMYK_page-0001.webp 1920w\" sizes=\"(max-width: 1024px) 100vw, 1024px\" \/><\/figure>\n<\/div>\n\n\n<div class=\"wp-block-group alignfull is-style-ext-preset--group--natural-1--section has-background-background-color has-background\" style=\"margin-top:0;margin-bottom:0;padding-top:var(--wp--preset--spacing--70);padding-bottom:var(--wp--preset--spacing--70)\"><div class=\"wp-block-group__inner-container is-layout-constrained wp-block-group-is-layout-constrained\">\n<div class=\"wp-block-group alignwide is-vertical is-content-justification-center is-layout-flex wp-container-core-group-is-layout-33314992 wp-block-group-is-layout-flex\">\n<div class=\"wp-block-group\"><div class=\"wp-block-group__inner-container is-layout-constrained wp-container-core-group-is-layout-0f719b4e wp-block-group-is-layout-constrained\">\n<h2 class=\"nm-block-heading wp-block-heading has-text-align-center\">Montera ett nytt d\u00e4ck fr\u00e5n Flexiteek<\/h2>\n\n\n\n<p class=\"has-text-align-center\">Den nya generationens d\u00e4cksbel\u00e4ggning erbjuder f\u00f6rb\u00e4ttrad h\u00e5llbarhet, b\u00e4ttre grepp och \u00f6kad s\u00e4kerhet j\u00e4mf\u00f6rt med tidigare material. Med avancerad teknologi och milj\u00f6v\u00e4nliga komponenter \u00e4r dessa d\u00e4ck perfekta f\u00f6r b\u00e5de privata och komersiella b\u00e5tar. Upplev en tystare k\u00f6rning och l\u00e4ngre livsl\u00e4ngd med de senaste innovationerna inom d\u00e4ckbel\u00e4ggning.<\/p>\n<\/div><\/div>\n<\/div>\n\n\n\n<div class=\"wp-block-columns alignwide is-layout-flex wp-container-core-columns-is-layout-bd0aba32 wp-block-columns-is-layout-flex\">\n<div class=\"wp-block-column is-layout-flow wp-block-column-is-layout-flow\">\n<div class=\"wp-block-group is-style-ext-preset--group--natural-1--item-card-1--align-center\"><div class=\"wp-block-group__inner-container is-layout-constrained wp-block-group-is-layout-constrained\">\n<figure class=\"wp-block-image size-large extendify-image-import\"><img decoding=\"async\" width=\"1024\" height=\"768\" src=\"https:\/\/mariusmarin.se\/wp-content\/uploads\/2026\/01\/foto-13-1024x768.webp\" alt=\"\" class=\"wp-image-10\" style=\"aspect-ratio:4\/3;object-fit:cover\" srcset=\"https:\/\/mariusmarin.se\/wp-content\/uploads\/2026\/01\/foto-13-1024x768.webp 1024w, https:\/\/mariusmarin.se\/wp-content\/uploads\/2026\/01\/foto-13-300x225.webp 300w, https:\/\/mariusmarin.se\/wp-content\/uploads\/2026\/01\/foto-13-768x576.webp 768w, https:\/\/mariusmarin.se\/wp-content\/uploads\/2026\/01\/foto-13-1536x1152.webp 1536w, https:\/\/mariusmarin.se\/wp-content\/uploads\/2026\/01\/foto-13-scaled.webp 1920w\" sizes=\"(max-width: 1024px) 100vw, 1024px\" \/><\/figure>\n\n\n\n<div class=\"wp-block-group is-style-default\"><div class=\"wp-block-group__inner-container is-layout-constrained wp-block-group-is-layout-constrained\">\n<h3 class=\"nm-block-heading wp-block-heading has-text-align-center\">Steg ett: Offert<\/h3>\n\n\n\n<p class=\"has-text-align-center\">Vi uppskattar ytan och vill att du beskriver hur du vill ha ditt nya Flexiteek-d\u00e4ck \u2013 med ramar, utan ramar, och eventuellt med ett s\u00e4rskilt m\u00f6nster.<\/p>\n<\/div><\/div>\n<\/div><\/div>\n<\/div>\n\n\n\n<div class=\"wp-block-column is-layout-flow wp-block-column-is-layout-flow\">\n<div class=\"wp-block-group is-style-ext-preset--group--natural-1--item-card-1--align-center\"><div class=\"wp-block-group__inner-container is-layout-constrained wp-block-group-is-layout-constrained\">\n<figure class=\"wp-block-image size-full extendify-image-import\"><img decoding=\"async\" width=\"1024\" height=\"768\" src=\"https:\/\/mariusmarin.se\/wp-content\/uploads\/2026\/01\/foto-11-1024x768-1.webp\" alt=\"\" class=\"wp-image-11\" style=\"aspect-ratio:4\/3;object-fit:cover\" srcset=\"https:\/\/mariusmarin.se\/wp-content\/uploads\/2026\/01\/foto-11-1024x768-1.webp 1024w, https:\/\/mariusmarin.se\/wp-content\/uploads\/2026\/01\/foto-11-1024x768-1-300x225.webp 300w, https:\/\/mariusmarin.se\/wp-content\/uploads\/2026\/01\/foto-11-1024x768-1-768x576.webp 768w\" sizes=\"(max-width: 1024px) 100vw, 1024px\" \/><\/figure>\n\n\n\n<div class=\"wp-block-group is-style-default\"><div class=\"wp-block-group__inner-container is-layout-constrained wp-block-group-is-layout-constrained\">\n<h3 class=\"nm-block-heading wp-block-heading has-text-align-center\">Steg tv\u00e5: Mallning<\/h3>\n\n\n\n<p class=\"has-text-align-center\">Mallning av ytan d\u00e4r montering skall ske av ditt nya Flexiteek d\u00e4ck.<\/p>\n<\/div><\/div>\n<\/div><\/div>\n<\/div>\n\n\n\n<div class=\"wp-block-column is-layout-flow wp-block-column-is-layout-flow\">\n<div class=\"wp-block-group is-style-ext-preset--group--natural-1--item-card-1--align-center\"><div class=\"wp-block-group__inner-container is-layout-constrained wp-block-group-is-layout-constrained\">\n<figure class=\"wp-block-image size-large extendify-image-import\"><img loading=\"lazy\" decoding=\"async\" width=\"1024\" height=\"768\" src=\"https:\/\/mariusmarin.se\/wp-content\/uploads\/2026\/01\/IMG_2329-1024x768.webp\" alt=\"\" class=\"wp-image-14\" style=\"aspect-ratio:4\/3;object-fit:cover\" srcset=\"https:\/\/mariusmarin.se\/wp-content\/uploads\/2026\/01\/IMG_2329-1024x768.webp 1024w, https:\/\/mariusmarin.se\/wp-content\/uploads\/2026\/01\/IMG_2329-300x225.webp 300w, https:\/\/mariusmarin.se\/wp-content\/uploads\/2026\/01\/IMG_2329-768x576.webp 768w, https:\/\/mariusmarin.se\/wp-content\/uploads\/2026\/01\/IMG_2329-1536x1152.webp 1536w, https:\/\/mariusmarin.se\/wp-content\/uploads\/2026\/01\/IMG_2329-scaled.webp 1920w\" sizes=\"(max-width: 1024px) 100vw, 1024px\" \/><\/figure>\n\n\n\n<div class=\"wp-block-group is-style-default\"><div class=\"wp-block-group__inner-container is-layout-constrained wp-block-group-is-layout-constrained\">\n<h3 class=\"nm-block-heading wp-block-heading has-text-align-center\">Steg tre: Tillverkning och montering<\/h3>\n<\/div><\/div>\n\n\n\n<div class=\"wp-block-group is-style-default\"><div class=\"wp-block-group__inner-container is-layout-constrained wp-block-group-is-layout-constrained\">\n<p class=\"has-text-align-center\">Slutligen tillverkar vi ditt nya Flexiteek d\u00e4ck i v\u00e5r verkstad och n\u00e4r v\u00e4der och v\u00e4rme till\u00e5ter sker montering av ditt nya Flexiteek d\u00e4ck.<\/p>\n<\/div><\/div>\n<\/div><\/div>\n<\/div>\n<\/div>\n\n\n\n<div class=\"wp-block-buttons is-content-justification-center is-layout-flex wp-container-core-buttons-is-layout-16018d1d wp-block-buttons-is-layout-flex\">\n<div class=\"wp-block-button is-style-ext-preset--button--natural-1--button-1\"><a class=\"wp-block-button__link wp-element-button\" href=\"#extendify-referral-cta\">Utforska mer<\/a><\/div>\n<\/div>\n<\/div><\/div>\n\n\n","protected":false},"excerpt":{"rendered":"<p>Montera ett nytt d\u00e4ck fr\u00e5n Flexiteek Den nya generationens d\u00e4cksbel\u00e4ggning erbjuder f\u00f6rb\u00e4ttrad h\u00e5llbarhet, b\u00e4ttre grepp och \u00f6kad s\u00e4kerhet j\u00e4mf\u00f6rt med tidigare material. Med avancerad teknologi och milj\u00f6v\u00e4nliga komponenter \u00e4r dessa d\u00e4ck perfekta f\u00f6r b\u00e5de privata och komersiella b\u00e5tar. Upplev en tystare k\u00f6rning och l\u00e4ngre livsl\u00e4ngd med de senaste innovationerna inom d\u00e4ckbel\u00e4ggning. Steg ett: Offert Vi &hellip;<\/p>\n","protected":false},"author":1,"featured_media":0,"parent":0,"menu_order":0,"comment_status":"closed","ping_status":"closed","template":"","meta":{"footnotes":""},"class_list":["post-7","page","type-page","status-publish","hentry"],"_links":{"self":[{"href":"https:\/\/mariusmarin.se\/index.php?rest_route=\/wp\/v2\/pages\/7","targetHints":{"allow":["GET"]}}],"collection":[{"href":"https:\/\/mariusmarin.se\/index.php?rest_route=\/wp\/v2\/pages"}],"about":[{"href":"https:\/\/mariusmarin.se\/index.php?rest_route=\/wp\/v2\/types\/page"}],"author":[{"embeddable":true,"href":"https:\/\/mariusmarin.se\/index.php?rest_route=\/wp\/v2\/users\/1"}],"replies":[{"embeddable":true,"href":"https:\/\/mariusmarin.se\/index.php?rest_route=%2Fwp%2Fv2%2Fcomments&post=7"}],"version-history":[{"count":7,"href":"https:\/\/mariusmarin.se\/index.php?rest_route=\/wp\/v2\/pages\/7\/revisions"}],"predecessor-version":[{"id":144,"href":"https:\/\/mariusmarin.se\/index.php?rest_route=\/wp\/v2\/pages\/7\/revisions\/144"}],"wp:attachment":[{"href":"https:\/\/mariusmarin.se\/index.php?rest_route=%2Fwp%2Fv2%2Fmedia&parent=7"}],"curies":[{"name":"wp","href":"https:\/\/api.w.org\/{rel}","templated":true}]}}